{"id":97,"date":"2021-02-25T02:35:26","date_gmt":"2021-02-25T02:35:26","guid":{"rendered":"https:\/\/www.jesigonzalezajon.com\/?page_id=97"},"modified":"2025-10-13T10:31:51","modified_gmt":"2025-10-13T10:31:51","slug":"coach","status":"publish","type":"page","link":"https:\/\/www.jesigonzalezajon.com\/en\/coach\/","title":{"rendered":"Coach"},"content":{"rendered":"Direcci\u00f3n, Coach y Clases\n\n\nMi tarea como Directora , Coach y Docente es encontrar lo peque\u00f1o en lo grande, es transformar y ayudar a construir algo\nnuevo y en equipo. Es acompa\u00f1ar procesos que siempre resultan de intercambio. Y eso lo agradezco.\n\n\n\n\n\n\n\nDirecci\u00f3n\n\n\n\n\n\n\n\n\n\n<strong style=\"\">DIRECCI\u00d3N TEATRAL&nbsp;<br><\/strong>Co-direcci\u00f3n junto a Hern\u00e1n Lewcowicz de TODO LO QUE NOMBRO DESAPARECE de su autor\u00eda e interpretaci\u00f3n.<em><br>&#8211; Premio Argentores 2024 Dramaturgia Teatro Unipersonal Hern\u00e1n Lewcowicz<br>&#8211; Nominaci\u00f3n Premios Mar\u00eda Guerrero por actuaci\u00f3n en Unipersonal<\/em><br><br>2025 Gira Chile Enero 2025&nbsp;&nbsp;<br><span style=\"font-style: inherit; font-weight: inherit;\">&nbsp; &nbsp; &nbsp; &nbsp; &nbsp; &nbsp;3era temporada &#8211; Teatro El Extranjero&nbsp;<\/span><p>2024&nbsp;Gira Espa\u00f1a Febrero 2024&nbsp;<br>&nbsp; &nbsp; &nbsp; &nbsp; &nbsp; &nbsp;2da temporada &#8211; Teatro El Extranjero&nbsp;<br>2023&nbsp;1er temporada Teatro El Extranjero&nbsp;<br>&#8212;-<br><span style=\"font-style: inherit; font-weight: inherit;\">2020 RUIDOS MOLESTOS -Dramaturgia de Mel Hamlin<\/span><\/p><p>2019 EN BOCA DE CULPA &#8211; Dramaturgia de Daiana Fernandez\n<br><br>2015 MARIANA TIENE UNA CITA y TEMAS PERSONALES DIR\u00cdA . Ciclo de Mon\u00f3logos MINITAS Tercer Edici\u00f3n. Espacio Dinamo<br><br>2015 Direcci\u00f3n de Parripollo y M\u00e1s bien omitir &#8211; Ciclo de Mon\u00f3logos MINITAS Segunda Edici\u00f3n Segunda Edici\u00f3n<br><br>2014 Musical Director and vocal, acting coach for Peque\u00f1os Astros<br><br>2014 Direcci\u00f3n de \u00bfVos me Quer\u00e9s a mi? de Romina Paula &#8211; Ciclo de Mon\u00f3logos MINITAS Primera Edici\u00f3n.<br><\/p>\n<strong>DIRECCI\u00d3N DE CASTING&nbsp;<\/strong><br>2022 \u201cMitra\u201d &#8211; Direcci\u00f3n: Diego Bellocchio<br>&nbsp; &nbsp; &nbsp; &nbsp; &nbsp; &nbsp; &nbsp;Direcci\u00f3n de Casting &nbsp;&#8211; Misiones Casting<br><br>2022 \u201cMartina Chapanay\u201d &#8211; Direcci\u00f3n: Miguel Rocca&nbsp; &nbsp; &nbsp; &nbsp; &nbsp; &nbsp; &nbsp; &nbsp; &nbsp; &nbsp; &nbsp; &nbsp; &nbsp; &nbsp;Direcci\u00f3n de Casting en San Juan<br><br>2021 \u201cVinchuca\u201d &#8211; Direcci\u00f3n: Luis Zorraquin&nbsp;<br>&nbsp; &nbsp; &nbsp; &nbsp; &nbsp; &nbsp; &nbsp;Direcci\u00f3n de Casting &#8211; Misiones Casting&nbsp;<br><br>2021 \u201cEl Hombre Inconcluso\u201d- Direcci\u00f3n: Mat\u00edasBertilotti&nbsp;&nbsp;<br>&nbsp; &nbsp; &nbsp; &nbsp; &nbsp; &nbsp; &nbsp;Direcci\u00f3n de Casting &#8211; Misiones Casting<br><br>2021 \u201cCarb\u00f3n\u201d &#8211; Direcci\u00f3n: Carolina Markowicz <br>&nbsp; &nbsp; &nbsp; &nbsp; &nbsp; &nbsp; Direcci\u00f3n de Casting Virtual &#8211; Misiones Casting<br><br>2008-2009 Casting Director at Luminarias Casting<br>\n\n<strong>DIRECCI\u00d3N AUDIOVISUAL<\/strong><br>&nbsp;2016 Direcci\u00f3n del video clip NO SABIA QUE de Mauro Gorraiz. (Ver Video)\n\n\n\n\n\n\n\n\n\n\n\n2025 2da Ayudante de Direcci\u00f3n&nbsp; \u201cCarta Blanca\u00bb &#8211; <br>Direcci\u00f3n : Gerardo Herrero &#8211; Tornasol Media &#8211; Espa\u00f1a&nbsp;\n2023 1era Ayudante de Direcci\u00f3n&nbsp; \u201cAdulto\u00bb &#8211; Direcci\u00f3n : Mariano Gonzalez&nbsp;\n2023-2022 &#8211; 1era Ayudante de Direcci\u00f3n&nbsp; \u201cMoscas\u00bb &#8211; Direcci\u00f3n : Aritz Moreno ( Coproducci\u00f3n Espa\u00f1a (Morena Films) y Argentina (Pensa y Rocca)\n2022 &#8211; 1era Ayudante de Direcci\u00f3n \u201cCaminemos Valentina\u201d &#8211; Direcci\u00f3n: Alberto Lecchi&nbsp;\n2022 &#8211; 1era Ayudante de Direcci\u00f3n \u201cMartina Chapanay\u201d &#8211; Direcci\u00f3n: Miguel Rocca\n2021 &#8211; 1era Ayudante de Direcci\u00f3n \u201cEl Hombre Inconcluso\u201d &#8211; Direcci\u00f3n: Mat\u00edas Bertilotti\n2021 &#8211; 2da Ayudante de Direcci\u00f3n \u201cCuando mi vida era mi vida\u201d &#8211; Direcci\u00f3n: Carolina Markowicz\n2016\/2014  &#8211; Asistente de direcci\u00f3n y encargada de la producci\u00f3n del film\/ \nMOVIMIENTO, film de Franco Acevedo.\n2015 Apuntadora &#8211; UNA FAMILIA QUE AGUANTA. Miniserie para Huggies. Direcci\u00f3n : Germ\u00e1n Castelnuovo, Fernando Salem\n2014 &#8211; Apuntadora &#8211;  MALICIA, miniserie dirigida por Martin Desalvo\n2011 Asist. direcci\u00f3n &#8211; Teatro  &#8211;  UNA FELICIDAD POSIBLE, unipersonal sobre textos de Clarice Lispector. Actriz : Ana Luz Kallsten . Direcci\u00f3n: Gabriel Peralta\n2008 Asist. direcci\u00f3n &#8211; Teatro &#8211; LA LEY DEL SUELO. Direcci\u00f3n: Fabi\u00e1n Harazatey.\n2007 Asist. direcci\u00f3n &#8211; Teatro &#8211;  MEMIRAME. Danza-Teatro. Direcci\u00f3n: Marcela Trap\u00e9.\n2007 Asist. direcci\u00f3n &#8211; Teatro  &#8211; UNA SUITE DE MUSICALES.\n\n2005 Asist. direcci\u00f3n &#8211; Teatro &#8211;  IL PRINCIPESSA MAFALDA. Direcci\u00f3n: Mar\u00eda Rosa Pfeiffer.\u201cTeatro X la Identidad\u201d\n\n\n\n\n\n\n\n\n\n\n\n\n\n<span class=\"JsGRdQ\" style=\"caret-color: rgb(0, 0, 0); color: rgb(0, 0, 0);\"><span class=\"JsGRdQ\">2021 &#8211; Actualidad \/ IPTI ( Instituto Provincial de Teatro Independiente) &#8211; Comunicaci\u00f3n &#8211; Misiones&nbsp;<\/span><\/span>\n<span class=\"JsGRdQ\" style=\"caret-color: rgb(0, 0, 0); color: rgb(0, 0, 0);\">2021 &#8211; Actualidad\/<\/span><span class=\"JsGRdQ white-space-prewrap\" style=\"caret-color: rgb(0, 0, 0); color: rgb(0, 0, 0);\">&nbsp; Community Manager&nbsp;<\/span>\n2021 &#8211; 2015 Directora y coordinadora de ESTUDIO KALO , Estudio de Arte con clases de baile, teatro, seminarios y talleres &#8211; @estudiokalo en IG\n2018 &#8211; 2010 Directora y creadora de ESTO ES UN \u00c9XITO , empresa de dise\u00f1o web y gr\u00e1fico\n2018 &#8211; 2016 Asistente de entrenamientos de Coaching Ontol\u00f3gico\n\n\n\n\n\n\n\n\n\n\n\n\n\n\n\n\nClases\n\n\n\n\n\n2021 Actualidad &#8211;  Encuentros Hol\u00edsticos Teatrales CLICK PARA MAS INFO&nbsp;\n\n2021 &#8211; 2017 Docente Teatro Adultos.\n2021 Clases online. Taller de Verano \u00abLo tuyo es puro teatro\u00bb  &#8211; 3 meses\n\n2020 Clases online. Realizaci\u00f3n de una pel\u00edcula como muestra anual.\n\n\nPara verla click AQUI\n\n\n\n\n2018 Seminario de Teatro Musical.\n\n\nEste Seminario fue realizado en devoluci\u00f3n al haber obtenido la Beca de Artistas Emergentes del Instituto Nacional del teatro (INT)\n\n\n\n\n2016 Docente Teatro Adultos . Antena Teatro\n\n\n\n\n2015 Docente de Teatro adultos. Abhyasa y Antena Teatro\n\n\n2015 Taller de Verano Enero. Antena Teatro, clases para Adultos\n\n\n2012 Docente en taller de teatro en el Hospital de D\u00eda de Salud Mental del Hospital de Cl\u00ednicas de Buenos Aires\n\n\n2010- 2009 Asistente de Clases de Teatro. Docente: Mara Bestelli\n\n\n\n\n\n\nCoach Actoral,  m\u00fasicos , cantantes\n\n\n\n\n\n\n\n\n2021 &#8211; Coaching actoral  &#8211; Actor protag\u00f3nico  &#8211; Pel\u00edcula: Vinchuca de Luis Zorraquin\n\n\n\n\n\n\n\n\n\n\n\n\n2014\n\n\nSuper 8 Vintage Music\n\n\nCoaching Actoral para los m\u00fasicos y coristas\n\n\nDise\u00f1o de Movimiento\/Entrenamiento Coreogr\u00e1fico a cargo de Vale Pessacg\n\n\nAsesoramiento en Vestuario y Peinado\n\n\nManagment de la Banda\n\n\n\n\n\n\n\n\n\n\n\n\n\n\n2015- 2014\n\n\nPablo Lara\n\n\nwww.pablolaramusico.com.ar\n\n\nCoaching Actoral y vocal para Colores Disonantes y Jacarand\u00e1\n\n\nGrabaci\u00f3n de voces en estudio para Colores Disonantes\n\n\nAsesoramiento en Vestuario y Fotos\n\n\nColaboraci\u00f3n en Dise\u00f1o y Art\u00edstica\n\n\n\n2014\n\n\nFede Vitorini\n\n\nCoaching Actoral interpretativo de sus temas como solista\n\n\nTrabajos sensoriales para unificar emoci\u00f3n-interpretaci\u00f3n","protected":false},"excerpt":{"rendered":"","protected":false},"author":1,"featured_media":0,"parent":0,"menu_order":0,"comment_status":"closed","ping_status":"closed","template":"","meta":{"pagelayer_contact_templates":[],"_pagelayer_content":"","site-sidebar-layout":"default","site-content-layout":"default","ast-site-content-layout":"default","site-content-style":"default","site-sidebar-style":"default","ast-global-header-display":"","ast-banner-title-visibility":"","ast-main-header-display":"","ast-hfb-above-header-display":"","ast-hfb-below-header-display":"","ast-hfb-mobile-header-display":"","site-post-title":"","ast-breadcrumbs-content":"","ast-featured-img":"","footer-sml-layout":"","theme-transparent-header-meta":"default","adv-header-id-meta":"","stick-header-meta":"","header-above-stick-meta":"","header-main-stick-meta":"","header-below-stick-meta":"","astra-migrate-meta-layouts":"default","ast-page-background-enabled":"default","ast-page-background-meta":{"desktop":{"background-color":"var(--ast-global-color-4)","background-image":"","background-repeat":"repeat","background-position":"center center","background-size":"auto","background-attachment":"scroll","background-type":"","background-media":"","overlay-type":"","overlay-color":"","overlay-opacity":"","overlay-gradient":""},"tablet":{"background-color":"","background-image":"","background-repeat":"repeat","background-position":"center center","background-size":"auto","background-attachment":"scroll","background-type":"","background-media":"","overlay-type":"","overlay-color":"","overlay-opacity":"","overlay-gradient":""},"mobile":{"background-color":"","background-image":"","background-repeat":"repeat","background-position":"center center","background-size":"auto","background-attachment":"scroll","background-type":"","background-media":"","overlay-type":"","overlay-color":"","overlay-opacity":"","overlay-gradient":""}},"ast-content-background-meta":{"desktop":{"background-color":"var(--ast-global-color-5)","background-image":"","background-repeat":"repeat","background-position":"center center","background-size":"auto","background-attachment":"scroll","background-type":"","background-media":"","overlay-type":"","overlay-color":"","overlay-opacity":"","overlay-gradient":""},"tablet":{"background-color":"var(--ast-global-color-5)","background-image":"","background-repeat":"repeat","background-position":"center center","background-size":"auto","background-attachment":"scroll","background-type":"","background-media":"","overlay-type":"","overlay-color":"","overlay-opacity":"","overlay-gradient":""},"mobile":{"background-color":"var(--ast-global-color-5)","background-image":"","background-repeat":"repeat","background-position":"center center","background-size":"auto","background-attachment":"scroll","background-type":"","background-media":"","overlay-type":"","overlay-color":"","overlay-opacity":"","overlay-gradient":""}},"footnotes":""},"class_list":["post-97","page","type-page","status-publish","hentry"],"yoast_head":"<!-- This site is optimized with the Yoast SEO plugin v25.4 - https:\/\/yoast.com\/wordpress\/plugins\/seo\/ -->\n<title>Direcci\u00f3n \/ Coach \/ Clases &#187; Jesi Gonzalez Aj\u00f3n<\/title>\n<meta name=\"robots\" content=\"index, follow, max-snippet:-1, max-image-preview:large, max-video-preview:-1\" \/>\n<link rel=\"canonical\" href=\"https:\/\/www.jesigonzalezajon.com\/en\/coach\/\" \/>\n<meta property=\"og:locale\" content=\"en_US\" \/>\n<meta property=\"og:type\" content=\"article\" \/>\n<meta property=\"og:title\" content=\"Direcci\u00f3n \/ Coach \/ Clases &#187; Jesi Gonzalez Aj\u00f3n\" \/>\n<meta property=\"og:url\" content=\"https:\/\/www.jesigonzalezajon.com\/en\/coach\/\" \/>\n<meta property=\"og:site_name\" content=\"Jesi Gonzalez Aj\u00f3n\" \/>\n<meta property=\"article:modified_time\" content=\"2025-10-13T10:31:51+00:00\" \/>\n<meta name=\"twitter:card\" content=\"summary_large_image\" \/>\n<meta name=\"twitter:label1\" content=\"Est. reading time\" \/>\n\t<meta name=\"twitter:data1\" content=\"2 minutes\" \/>\n<script type=\"application\/ld+json\" class=\"yoast-schema-graph\">{\"@context\":\"https:\/\/schema.org\",\"@graph\":[{\"@type\":\"WebPage\",\"@id\":\"https:\/\/www.jesigonzalezajon.com\/coach\/\",\"url\":\"https:\/\/www.jesigonzalezajon.com\/coach\/\",\"name\":\"Direcci\u00f3n \/ Coach \/ Clases &#187; Jesi Gonzalez Aj\u00f3n\",\"isPartOf\":{\"@id\":\"https:\/\/www.jesigonzalezajon.com\/#website\"},\"datePublished\":\"2021-02-25T02:35:26+00:00\",\"dateModified\":\"2025-10-13T10:31:51+00:00\",\"breadcrumb\":{\"@id\":\"https:\/\/www.jesigonzalezajon.com\/coach\/#breadcrumb\"},\"inLanguage\":\"en-US\",\"potentialAction\":[{\"@type\":\"ReadAction\",\"target\":[\"https:\/\/www.jesigonzalezajon.com\/coach\/\"]}]},{\"@type\":\"BreadcrumbList\",\"@id\":\"https:\/\/www.jesigonzalezajon.com\/coach\/#breadcrumb\",\"itemListElement\":[{\"@type\":\"ListItem\",\"position\":1,\"name\":\"Portada\",\"item\":\"https:\/\/www.jesigonzalezajon.com\/\"},{\"@type\":\"ListItem\",\"position\":2,\"name\":\"Coach\"}]},{\"@type\":\"WebSite\",\"@id\":\"https:\/\/www.jesigonzalezajon.com\/#website\",\"url\":\"https:\/\/www.jesigonzalezajon.com\/\",\"name\":\"Jesi Gonzalez Aj\u00f3n\",\"description\":\"Sitio Web Oficial\",\"potentialAction\":[{\"@type\":\"SearchAction\",\"target\":{\"@type\":\"EntryPoint\",\"urlTemplate\":\"https:\/\/www.jesigonzalezajon.com\/?s={search_term_string}\"},\"query-input\":{\"@type\":\"PropertyValueSpecification\",\"valueRequired\":true,\"valueName\":\"search_term_string\"}}],\"inLanguage\":\"en-US\"}]}<\/script>\n<!-- \/ Yoast SEO plugin. -->","yoast_head_json":{"title":"Direcci\u00f3n \/ Coach \/ Clases &#187; Jesi Gonzalez Aj\u00f3n","robots":{"index":"index","follow":"follow","max-snippet":"max-snippet:-1","max-image-preview":"max-image-preview:large","max-video-preview":"max-video-preview:-1"},"canonical":"https:\/\/www.jesigonzalezajon.com\/en\/coach\/","og_locale":"en_US","og_type":"article","og_title":"Direcci\u00f3n \/ Coach \/ Clases &#187; Jesi Gonzalez Aj\u00f3n","og_url":"https:\/\/www.jesigonzalezajon.com\/en\/coach\/","og_site_name":"Jesi Gonzalez Aj\u00f3n","article_modified_time":"2025-10-13T10:31:51+00:00","twitter_card":"summary_large_image","twitter_misc":{"Est. reading time":"2 minutes"},"schema":{"@context":"https:\/\/schema.org","@graph":[{"@type":"WebPage","@id":"https:\/\/www.jesigonzalezajon.com\/coach\/","url":"https:\/\/www.jesigonzalezajon.com\/coach\/","name":"Direcci\u00f3n \/ Coach \/ Clases &#187; Jesi Gonzalez Aj\u00f3n","isPartOf":{"@id":"https:\/\/www.jesigonzalezajon.com\/#website"},"datePublished":"2021-02-25T02:35:26+00:00","dateModified":"2025-10-13T10:31:51+00:00","breadcrumb":{"@id":"https:\/\/www.jesigonzalezajon.com\/coach\/#breadcrumb"},"inLanguage":"en-US","potentialAction":[{"@type":"ReadAction","target":["https:\/\/www.jesigonzalezajon.com\/coach\/"]}]},{"@type":"BreadcrumbList","@id":"https:\/\/www.jesigonzalezajon.com\/coach\/#breadcrumb","itemListElement":[{"@type":"ListItem","position":1,"name":"Portada","item":"https:\/\/www.jesigonzalezajon.com\/"},{"@type":"ListItem","position":2,"name":"Coach"}]},{"@type":"WebSite","@id":"https:\/\/www.jesigonzalezajon.com\/#website","url":"https:\/\/www.jesigonzalezajon.com\/","name":"Jesi Gonzalez Aj\u00f3n","description":"Sitio Web Oficial","potentialAction":[{"@type":"SearchAction","target":{"@type":"EntryPoint","urlTemplate":"https:\/\/www.jesigonzalezajon.com\/?s={search_term_string}"},"query-input":{"@type":"PropertyValueSpecification","valueRequired":true,"valueName":"search_term_string"}}],"inLanguage":"en-US"}]}},"_links":{"self":[{"href":"https:\/\/www.jesigonzalezajon.com\/en\/wp-json\/wp\/v2\/pages\/97","targetHints":{"allow":["GET"]}}],"collection":[{"href":"https:\/\/www.jesigonzalezajon.com\/en\/wp-json\/wp\/v2\/pages"}],"about":[{"href":"https:\/\/www.jesigonzalezajon.com\/en\/wp-json\/wp\/v2\/types\/page"}],"author":[{"embeddable":true,"href":"https:\/\/www.jesigonzalezajon.com\/en\/wp-json\/wp\/v2\/users\/1"}],"replies":[{"embeddable":true,"href":"https:\/\/www.jesigonzalezajon.com\/en\/wp-json\/wp\/v2\/comments?post=97"}],"version-history":[{"count":54,"href":"https:\/\/www.jesigonzalezajon.com\/en\/wp-json\/wp\/v2\/pages\/97\/revisions"}],"predecessor-version":[{"id":624,"href":"https:\/\/www.jesigonzalezajon.com\/en\/wp-json\/wp\/v2\/pages\/97\/revisions\/624"}],"wp:attachment":[{"href":"https:\/\/www.jesigonzalezajon.com\/en\/wp-json\/wp\/v2\/media?parent=97"}],"curies":[{"name":"wp","href":"https:\/\/api.w.org\/{rel}","templated":true}]}}