{"id":91,"date":"2021-02-25T02:32:11","date_gmt":"2021-02-25T02:32:11","guid":{"rendered":"https:\/\/www.jesigonzalezajon.com\/?page_id=91"},"modified":"2025-12-09T21:53:47","modified_gmt":"2025-12-09T21:53:47","slug":"cv","status":"publish","type":"page","link":"https:\/\/www.jesigonzalezajon.com\/en\/cv\/","title":{"rendered":"Resume"},"content":{"rendered":"CV\n\n\n\n\n\n\n\nActriz con amplia formaci\u00f3n desde su ni\u00f1ez en el campo de las Artes Interpretativas.\nEgresada del Conservatorio de Arte Dram\u00e1tico (EMAD).\nEntrenada en Canto, Registro Mezzo Soprano.\nEntrenada en Baile y Teatro Musical.\nManejo del Castellano Neutro e ingl\u00e9s.\nTrabajos de Coach Actoral individual en espa\u00f1ol e ingl\u00e9s y tomando casting.\n\n\n\n\n\n\n\n\n\nExperiencia Laboral &#8211; Actriz\n\n\n\n\n\n\n\n\n<p>2025 MATCH &#8211; MicroMusical<br>Dramaturgia y Direcci\u00f3n: Nicol\u00e1s Serraiti <br>MicroTeatro Madrid<\/p>\n<p>2020 <a href=\"https:\/\/youtu.be\/Z46VwmwPjCc\" target=\"_blank\" rel=\"noopener\">EL SHOW DEL MAGO ROQUE<\/a> &#8211; Dramaturgia y Direcci\u00f3n: Polly Bouquet &#8211; Versi\u00f3n streaming para MicroTeatro Online.\n<\/p><hr style=\"margin:8px 0px;\">\n2020 <a href=\"https:\/\/youtu.be\/hyfooFAW0fU\" target=\"_blank\" rel=\"noopener\">NO LO ENTIENDEN<\/a> &#8211; Dramaturgia y Direcci\u00f3n: Nicol\u00e1s Condito  &#8211; Versi\u00f3n streaming para MicroTeatro Online.\n<hr style=\"margin:8px 0px;\">\n2020 <a href=\"https:\/\/youtu.be\/mgt7hlIIN9c\" target=\"_blank\" rel=\"noopener\">MAM\u00c1<\/a> &#8211; Dramaturgia : Ruben Ramirez \/  Direcci\u00f3n: Lorena Romanin &#8211; Versi\u00f3n streaming para MicroTeatro Online.\n<hr style=\"margin:8px 0px;\">\n2020 NO HAY REMATE &#8211; Dramaturgia y Direcci\u00f3n: Nicol\u00e1s Condito.\n<hr style=\"margin:8px 0px;\">\n2020 LA VENTANA EMERGENTE. Script, Director : Herman Lewkowicz\n<hr style=\"margin:8px 0px;\">\n2019 TOKIO LEVA. Script, Director : Daiana Fernandez \n<hr style=\"margin:8px 0px;\">\n2019 \u00c1rea Producci\u00f3n &#8211; Fiesta Nacional del Teatro en Misiones\n<hr style=\"margin:8px 0px;\">\n2018 LA LUNITA QUE TE PARIO. Director: Tamara Alamprese \n<hr style=\"margin:8px 0px;\">\n2018 <a href=\"http:\/\/www.alternativateatral.com\/obra59722-gangster-sala-4\" target=\"_blank\" rel=\"noopener\">GANGSTER<\/a> &#8211; Direcci\u00f3n: Maitena Minella \n<hr style=\"margin:8px 0px;\">\n2018 <a href=\"https:\/\/www.facebook.com\/cuerdaaventura\" target=\"_blank\" rel=\"noopener\">CUERDA AVENTURA<\/a> &#8211; Direcci\u00f3n: Vale Pessacg \n<hr style=\"margin:8px 0px;\">\n2018 &#8211; 2016 <a href=\"http:\/\/www.facebook.com\/la.luna.que.te.pario\" target=\"_blank\" rel=\"noopener\">LA LUNA QUE TE PARIO<\/a> &#8211; Direcci\u00f3n: Tamara Alamprese\n<hr style=\"margin:8px 0px;\">\n2015 WHAT HAVE I DONE TO YOU TO TREAT ME THIS WAY? (Qu\u00e9 te he hecho para que me trates as\u00ed?) \nScript , Director : Ana Luz Kallsten\n<hr style=\"margin:8px 0px;\">\n2015 STRINDBERG INTERVENTION CYCLE . Director: Iris Pedrazzoli\n<hr style=\"margin:8px 0px;\">\n2014 LOVING YOU AT THE RITZ (Am\u00e1ndote en el Ritz) . Director: Iris Pedrazzoli.\n<hr style=\"margin:8px 0px;\">\n2014 HELP - Short Play in the Festival \"Esto si es un Hotel\" \n<hr style=\"margin:8px 0px;\">\n2012-2011 WHAT HAVE I DONE TO YOU TO TREAT ME THIS WAY?(Qu\u00e9 te he hecho para que me trates as\u00ed?) Script , Director : Ana Luz Kallsten. Buenos Aires and Posadas ,Misiones Province , Argentina . \n<hr style=\"margin:8px 0px;\">\n2011 GESTATE AND LET GO (Gesta y Suelta). Director: Lucila Eliascher\n<hr style=\"margin:8px 0px;\">\n2010 THE CARE (La prudencia) by Claudio Gotbeter\n<hr style=\"margin:8px 0px;\">\n2009 THE PHANTOMS MAKER by Roberto Arlt\n<hr style=\"margin:8px 0px;\">\n2007\/2009 RadioPlays in Argentores (Society of Authors of Argentina) Director: Julio Baccaro\n<hr style=\"margin:8px 0px;\">\n2008 ASSIGNMENT N\u00ba 6 (Consigna 6). Theatre - Dance. Director: Marcela Trap\u00e9\n<hr style=\"margin:8px 0px;\">\n2008 THE CUFF (El dobladillo) performance. Director : Maria Rosa Pfeiffer \n<hr style=\"margin:8px 0px;\">\n2004 WHITE, THE DARKEST COLOUR (Blanco el color m\u00e1s oscuro). Director. Juan Pablo Sasia\u00edn\n\n\n\n\n\n\n\n\n<strong>Musical Theatre Interpreter for the Choreography Composition Career. UNA (Ex IUNA) (National College of Art)<\/strong>\n<hr style=\"margin:8px 0px;\">\n<p>2025 MATCH&nbsp;&#8211; MicroMusical<br>Dramaturgia y Direcci\u00f3n: Nicol\u00e1s Serraiti<br>MicroTeatro Madrid<\/p>\n<p>2011 THE DOUBT. Director: Valeria Pessacg \n<\/p><hr style=\"margin:8px 0px;\">\n2010 CABARET ( Sally Bowls)  &amp; CHICAGO (Velma Kelly)  \n\n<hr style=\"margin:8px 0px;\">\n<a href=\"http:\/\/www.youtube.com\/user\/jesittep\" target=\"_blank\" class=\"link_youtube\" rel=\"noopener\">Watch Videos : YOU TUBE CHANNEL<\/a>\n\n<br>\n\n\n\n\n\n\n\n\n\n\n<p><\/p><p><span style=\"font-size: 1rem;\">2024 EL P\u00daBLICO . Bosque Cine y DGART \/ Personaje: Leonora \/ Selecci\u00f3n Oficial 2025 ENERC SE PROYECTA , nominaciones Mejor Gui\u00f3n y Mejor Ficci\u00f3n.&nbsp;<br><\/span><\/p><hr style=\"font-size: 17px; font-style: normal; font-weight: 400; margin-top: 8px; margin-bottom: 8px;\"><p style=\"font-size: 17px; font-style: normal; font-weight: 400;\"><span style=\"font-style: inherit; font-weight: inherit;\">\n<\/span><\/p><p><\/p><p><span style=\"font-size: 1rem;\">2023 MITRA . Direcci\u00f3n Diego Bellocchio \/ Personaje: Oficial de polic\u00eda<br><\/span><\/p><hr style=\"font-size: 17px; font-style: normal; font-weight: 400; margin-top: 8px; margin-bottom: 8px;\"><p style=\"font-size: 17px; font-style: normal; font-weight: 400;\"><span style=\"font-style: inherit; font-weight: inherit;\">2022 MARTINA CHAPANAY. Direcci\u00f3n Miguel Rocca\/ Personaje: Victoria<\/span><br><\/p><hr style=\"font-size: 17px; font-style: normal; font-weight: 400; margin-top: 8px; margin-bottom: 8px;\"><p>2017&nbsp;<a href=\"http:\/\/www.facebook.com\/minga.serie\" target=\"_blank\" rel=\"noopener\">MINGA<\/a>&nbsp;&#8211; MINGA Serie Web Ganadora de La Bienal Arte J\u00f3ven 2017.Direcci\u00f3n: Maitena Minella \/ Personaje : La Jefa<\/p><hr style=\"margin:8px 0px;\">\n2007 THE SPITE (El despecho) . Independent short film .Director. Juan Manuel Rodil\n<hr style=\"margin:8px 0px;\">\n2007 BUNDLE (Fardo). Independent short film selected in the category Work in Progress , BAFICI film festival of Argentina. Director: Diego Fried\n<hr style=\"margin:8px 0px;\">\n2005 The pictures, Epic short film. Final work from direction II, CIC ( University of Cinema) \nDirector: Luciano Molina.Character: Adriana, Quadriplegic<p><\/p>\n\n\n\n\n\n\n\n\nPERRO CAHN (2021 Argentina),TALK TO ME App (2017 Distribuci\u00f3n Online),\u00c9XITO ( Colombia 2015. Gr\u00e1fica Celular) ,PERSONAL (Argentina 2012) , KELLOGG\u2019S (Francia, Espa\u00f1a, Grecia &#8211; 2011) , NESQUIK (EEUU- 2009), \nPAGINAS AMARILLAS (Argentina, Chile y Per\u00fa 2007), BURGER KING (EEUU y Puerto Rico 2006 ) , SPRITE (Argentina 2006) , MOVISTAR (Espa\u00f1a 2005) \n<hr style=\"margin:8px 0px;\">\n<a href=\"http:\/\/www.youtube.com\/user\/jesittep\" target=\"_blank\" class=\"link_youtube\" rel=\"noopener\">Watch Videos : YOU TUBE CHANNEL<\/a>\n<br>\n\n\n\n\n\n\n\n\n2015 Art\u00edstic Speech for Cinema 8 Radio. Soundtrack Music Station Online <a href=\"http:\/\/www.cinema8radio.com\" target=\"_blank\" rel=\"noopener\">www.cinema8radio.com<\/a>\n<hr style=\"margin:8px 0px;\">\n2014 Presidential Audio Spot . Private Use.\n<hr style=\"margin:8px 0px;\">\n2014 Locucion Castellano Neutro Clacort Buses  &#8211; Chile\n<hr style=\"margin:8px 0px;\">\n2013 Neutral Spanish Speech CASA ELECTRICA Per\u00fa\n<hr style=\"margin:8px 0px;\">\n2011 Acting. Garbage Campaign Buenos Aires. Radiodifusion\n<hr style=\"margin:8px 0px;\">\n2011 Neutral Spanish Speech .Blackberry Tutorials\n<hr style=\"margin:8px 0px;\">\n2010 - 2009 Artistic for \"4 patas\", \" Positive News\u201d (\u201cNoticias Positivas\"), \"The Prior\u201d (\u201cLa Previa\") , Palermo Station.\n<hr style=\"margin:8px 0px;\">\n2009 - 2007 Regular Cast. RadioPlays in Radio Nacional Station. \"The two Jackets\u201d (\u201cLas Dos Caratulas\") Director: Nora Massi\n<hr style=\"margin:8px 0px;\">\n2009 Neutral Spanish Speech . Yoga Online School\n<hr style=\"margin:8px 0px;\">\n2008 TWILIGHT, Film Spot in Spanish.\n<hr style=\"margin:8px 0px;\">\n2008 Neutral Spanish Speech . TAHITIAN NONI INTERNACIONAL\n<hr style=\"margin:8px 0px;\">\n2007 Voiceover Narration. DIRECT TV .\n<hr style=\"margin:8px 0px;\">\n2007 BRAHMA, for Radiodifusi\u00f3n\n<hr style=\"margin:8px 0px;\">\n2004 DOBLAJE \u201cPhil del Futuro\u201d, Disney Channel . Rol: Julie\n\n\n\n\n\n\n\n\n\nFormaci\u00f3n Art\u00edstica\nActriz Egresada del Conservatorio de Arte Dram\u00e1tico EMAD (Escuela Metropolitana de Arte Dram\u00e1tico).\nGanadorde la Beca Artistas Emergentes del Instituto Nacional del Teatro (INT) y de la Beca de Formaci\u00f3n Internacional del Fondo Nacional de las Artes (FNA).\n\n\n\n\n\n\n\n\n<p>2025 T\u00e9cnica Meisner &#8211; Manuel Castillo Huber&nbsp;<\/p><hr style=\"margin:8px 0px;\">\n2024 Laboratorio de direcci\u00f3n y actuaci\u00f3n audiovisual &#8211; DGEART \n<hr style=\"margin:8px 0px;\">\n2018 Curso de Teatro Musical Intensivo en RADA (Royal Academy of Dramatic Art, Londres)- Este estudio fue realizado gracias a haber sido ganadora de la beca Artistas Emergentes del Instituto Nacional del Teatro (INT) y Beca de Formaci\u00f3n Internacional del Fondo Nacional de las Artes (FNA).<hr style=\"margin:8px 0px;\">\n2012 Clown Technique . Maby Salerno \n<hr style=\"margin:8px 0px;\">\n2011 Melodrama.Camila Mansilla \n<hr style=\"margin:8px 0px;\">\n2008\u20102005 Conservatory of Drama Arts - EMAD \n<hr style=\"margin:8px 0px;\">\n2007\u20102004 Estudio de Augusto Fern\u00e1ndes.\n\n\n\n\n\n\n\n\nRegistro: Mezzo Soprano\n<hr style=\"margin:8px 0px;\">\n2010\u20102008 Fernanda Lav\u00eda\n<hr style=\"margin:8px 0px;\">\n2006 &#8211; 2004 Paola Griffman \u2010  Ludmila Fern\u00e1ndez \u2010  Gipsy Bonafina\n\n\n\n\n\n\n\n\n\n\nClases En Movimiento &#8211; Mariana Wolozyn\n<hr style=\"margin:8px 0px;\">\nTaichi Chikun &#8211; Pilates &#8211; B\u00edo Energ\u00e9tica &#8211; Yoga &#8211;  Body Awareness &#8211; Nataci\u00f3n  \n<hr style=\"margin:8px 0px;\">\nSalsa , Danza Jazz\n\n\n\n\n\n\n\n\nDramaturgia con Lorena Romanin\n<hr style=\"margin:8px 0px;\">\nFilm Script - Teacher Hans Garrino \n<hr style=\"margin:8px 0px;\">\nNeutral Spanish\n<hr style=\"margin:8px 0px;\">\nEnglish. Intermediate Level","protected":false},"excerpt":{"rendered":"","protected":false},"author":1,"featured_media":0,"parent":0,"menu_order":0,"comment_status":"closed","ping_status":"closed","template":"","meta":{"pagelayer_contact_templates":[],"_pagelayer_content":"","site-sidebar-layout":"default","site-content-layout":"default","ast-site-content-layout":"default","site-content-style":"default","site-sidebar-style":"default","ast-global-header-display":"","ast-banner-title-visibility":"","ast-main-header-display":"","ast-hfb-above-header-display":"","ast-hfb-below-header-display":"","ast-hfb-mobile-header-display":"","site-post-title":"","ast-breadcrumbs-content":"","ast-featured-img":"","footer-sml-layout":"","theme-transparent-header-meta":"default","adv-header-id-meta":"","stick-header-meta":"","header-above-stick-meta":"","header-main-stick-meta":"","header-below-stick-meta":"","astra-migrate-meta-layouts":"default","ast-page-background-enabled":"default","ast-page-background-meta":{"desktop":{"background-color":"var(--ast-global-color-4)","background-image":"","background-repeat":"repeat","background-position":"center center","background-size":"auto","background-attachment":"scroll","background-type":"","background-media":"","overlay-type":"","overlay-color":"","overlay-opacity":"","overlay-gradient":""},"tablet":{"background-color":"","background-image":"","background-repeat":"repeat","background-position":"center center","background-size":"auto","background-attachment":"scroll","background-type":"","background-media":"","overlay-type":"","overlay-color":"","overlay-opacity":"","overlay-gradient":""},"mobile":{"background-color":"","background-image":"","background-repeat":"repeat","background-position":"center center","background-size":"auto","background-attachment":"scroll","background-type":"","background-media":"","overlay-type":"","overlay-color":"","overlay-opacity":"","overlay-gradient":""}},"ast-content-background-meta":{"desktop":{"background-color":"var(--ast-global-color-5)","background-image":"","background-repeat":"repeat","background-position":"center center","background-size":"auto","background-attachment":"scroll","background-type":"","background-media":"","overlay-type":"","overlay-color":"","overlay-opacity":"","overlay-gradient":""},"tablet":{"background-color":"var(--ast-global-color-5)","background-image":"","background-repeat":"repeat","background-position":"center center","background-size":"auto","background-attachment":"scroll","background-type":"","background-media":"","overlay-type":"","overlay-color":"","overlay-opacity":"","overlay-gradient":""},"mobile":{"background-color":"var(--ast-global-color-5)","background-image":"","background-repeat":"repeat","background-position":"center center","background-size":"auto","background-attachment":"scroll","background-type":"","background-media":"","overlay-type":"","overlay-color":"","overlay-opacity":"","overlay-gradient":""}},"footnotes":""},"class_list":["post-91","page","type-page","status-publish","hentry"],"yoast_head":"<!-- This site is optimized with the Yoast SEO plugin v25.4 - https:\/\/yoast.com\/wordpress\/plugins\/seo\/ -->\n<title>CV &#187; Jesi Gonzalez Aj\u00f3n<\/title>\n<meta name=\"robots\" content=\"index, follow, max-snippet:-1, max-image-preview:large, max-video-preview:-1\" \/>\n<link rel=\"canonical\" href=\"https:\/\/www.jesigonzalezajon.com\/en\/cv\/\" \/>\n<meta property=\"og:locale\" content=\"en_US\" \/>\n<meta property=\"og:type\" content=\"article\" \/>\n<meta property=\"og:title\" content=\"CV &#187; Jesi Gonzalez Aj\u00f3n\" \/>\n<meta property=\"og:url\" content=\"https:\/\/www.jesigonzalezajon.com\/en\/cv\/\" \/>\n<meta property=\"og:site_name\" content=\"Jesi Gonzalez Aj\u00f3n\" \/>\n<meta property=\"article:modified_time\" content=\"2025-12-09T21:53:47+00:00\" \/>\n<meta name=\"twitter:card\" content=\"summary_large_image\" \/>\n<meta name=\"twitter:label1\" content=\"Est. reading time\" \/>\n\t<meta name=\"twitter:data1\" content=\"1 minute\" \/>\n<script type=\"application\/ld+json\" class=\"yoast-schema-graph\">{\"@context\":\"https:\/\/schema.org\",\"@graph\":[{\"@type\":\"WebPage\",\"@id\":\"https:\/\/www.jesigonzalezajon.com\/cv\/\",\"url\":\"https:\/\/www.jesigonzalezajon.com\/cv\/\",\"name\":\"CV &#187; Jesi Gonzalez Aj\u00f3n\",\"isPartOf\":{\"@id\":\"https:\/\/www.jesigonzalezajon.com\/#website\"},\"datePublished\":\"2021-02-25T02:32:11+00:00\",\"dateModified\":\"2025-12-09T21:53:47+00:00\",\"breadcrumb\":{\"@id\":\"https:\/\/www.jesigonzalezajon.com\/cv\/#breadcrumb\"},\"inLanguage\":\"en-US\",\"potentialAction\":[{\"@type\":\"ReadAction\",\"target\":[\"https:\/\/www.jesigonzalezajon.com\/cv\/\"]}]},{\"@type\":\"BreadcrumbList\",\"@id\":\"https:\/\/www.jesigonzalezajon.com\/cv\/#breadcrumb\",\"itemListElement\":[{\"@type\":\"ListItem\",\"position\":1,\"name\":\"Portada\",\"item\":\"https:\/\/www.jesigonzalezajon.com\/\"},{\"@type\":\"ListItem\",\"position\":2,\"name\":\"CV\"}]},{\"@type\":\"WebSite\",\"@id\":\"https:\/\/www.jesigonzalezajon.com\/#website\",\"url\":\"https:\/\/www.jesigonzalezajon.com\/\",\"name\":\"Jesi Gonzalez Aj\u00f3n\",\"description\":\"Sitio Web Oficial\",\"potentialAction\":[{\"@type\":\"SearchAction\",\"target\":{\"@type\":\"EntryPoint\",\"urlTemplate\":\"https:\/\/www.jesigonzalezajon.com\/?s={search_term_string}\"},\"query-input\":{\"@type\":\"PropertyValueSpecification\",\"valueRequired\":true,\"valueName\":\"search_term_string\"}}],\"inLanguage\":\"en-US\"}]}<\/script>\n<!-- \/ Yoast SEO plugin. -->","yoast_head_json":{"title":"CV &#187; Jesi Gonzalez Aj\u00f3n","robots":{"index":"index","follow":"follow","max-snippet":"max-snippet:-1","max-image-preview":"max-image-preview:large","max-video-preview":"max-video-preview:-1"},"canonical":"https:\/\/www.jesigonzalezajon.com\/en\/cv\/","og_locale":"en_US","og_type":"article","og_title":"CV &#187; Jesi Gonzalez Aj\u00f3n","og_url":"https:\/\/www.jesigonzalezajon.com\/en\/cv\/","og_site_name":"Jesi Gonzalez Aj\u00f3n","article_modified_time":"2025-12-09T21:53:47+00:00","twitter_card":"summary_large_image","twitter_misc":{"Est. reading time":"1 minute"},"schema":{"@context":"https:\/\/schema.org","@graph":[{"@type":"WebPage","@id":"https:\/\/www.jesigonzalezajon.com\/cv\/","url":"https:\/\/www.jesigonzalezajon.com\/cv\/","name":"CV &#187; Jesi Gonzalez Aj\u00f3n","isPartOf":{"@id":"https:\/\/www.jesigonzalezajon.com\/#website"},"datePublished":"2021-02-25T02:32:11+00:00","dateModified":"2025-12-09T21:53:47+00:00","breadcrumb":{"@id":"https:\/\/www.jesigonzalezajon.com\/cv\/#breadcrumb"},"inLanguage":"en-US","potentialAction":[{"@type":"ReadAction","target":["https:\/\/www.jesigonzalezajon.com\/cv\/"]}]},{"@type":"BreadcrumbList","@id":"https:\/\/www.jesigonzalezajon.com\/cv\/#breadcrumb","itemListElement":[{"@type":"ListItem","position":1,"name":"Portada","item":"https:\/\/www.jesigonzalezajon.com\/"},{"@type":"ListItem","position":2,"name":"CV"}]},{"@type":"WebSite","@id":"https:\/\/www.jesigonzalezajon.com\/#website","url":"https:\/\/www.jesigonzalezajon.com\/","name":"Jesi Gonzalez Aj\u00f3n","description":"Sitio Web Oficial","potentialAction":[{"@type":"SearchAction","target":{"@type":"EntryPoint","urlTemplate":"https:\/\/www.jesigonzalezajon.com\/?s={search_term_string}"},"query-input":{"@type":"PropertyValueSpecification","valueRequired":true,"valueName":"search_term_string"}}],"inLanguage":"en-US"}]}},"_links":{"self":[{"href":"https:\/\/www.jesigonzalezajon.com\/en\/wp-json\/wp\/v2\/pages\/91","targetHints":{"allow":["GET"]}}],"collection":[{"href":"https:\/\/www.jesigonzalezajon.com\/en\/wp-json\/wp\/v2\/pages"}],"about":[{"href":"https:\/\/www.jesigonzalezajon.com\/en\/wp-json\/wp\/v2\/types\/page"}],"author":[{"embeddable":true,"href":"https:\/\/www.jesigonzalezajon.com\/en\/wp-json\/wp\/v2\/users\/1"}],"replies":[{"embeddable":true,"href":"https:\/\/www.jesigonzalezajon.com\/en\/wp-json\/wp\/v2\/comments?post=91"}],"version-history":[{"count":33,"href":"https:\/\/www.jesigonzalezajon.com\/en\/wp-json\/wp\/v2\/pages\/91\/revisions"}],"predecessor-version":[{"id":627,"href":"https:\/\/www.jesigonzalezajon.com\/en\/wp-json\/wp\/v2\/pages\/91\/revisions\/627"}],"wp:attachment":[{"href":"https:\/\/www.jesigonzalezajon.com\/en\/wp-json\/wp\/v2\/media?parent=91"}],"curies":[{"name":"wp","href":"https:\/\/api.w.org\/{rel}","templated":true}]}}