{"id":27,"date":"2021-02-19T23:07:32","date_gmt":"2021-02-19T23:07:32","guid":{"rendered":"https:\/\/www.jesigonzalezajon.com\/?page_id=27"},"modified":"2026-01-12T15:22:46","modified_gmt":"2026-01-12T15:22:46","slug":"inicio","status":"publish","type":"page","link":"https:\/\/www.jesigonzalezajon.com\/en\/","title":{"rendered":"Home"},"content":{"rendered":"Jesi Gonzalez Ajon\n\n\n\nActriz, Directora, Docente y Coach Actoral.\n\n\n\n\n\n\n\n\n\n\n\n\n\n\n\n\n\n\n\n\nActriz con amplia formaci\u00f3n desde su ni\u00f1ez en el campo de las Artes Interpretativas.\n\n\n\nEgresada del Conservatorio de Arte Dram\u00e1tico (EMAD).\n\n\n\nEntrenada en Canto, Registro Mezzo Soprano.\n\n\n\nEntrenada en Baile y Teatro Musical.\n\n\n\nManejo del Castellano Neutro e ingl\u00e9s.\n\n\n\nTrabajos de Coach Actoral individual en espa\u00f1ol e ingl\u00e9s y tomando casting.\n\n\n\n\n\n\n\n\n\n\n\n\n\n\n\n\n\n\n\n\n\n\n\n\n\n\n\n\n\n\nDirecci\u00f3n, Docencia y Coaching\n\n\n\nMi tarea como Directora , Coach y Docente es encontrar lo peque\u00f1o en lo grande, es transformar y ayudar a construir algo  nuevo y en equipo. Es acompa\u00f1ar procesos que siempre resultan de intercambio. Y eso lo agradezco.\n\n\n\n\n\n\n\n\n\n\n\n\n\n\u00a1Novedades!\n\n\n\n\n\n\n\n\n\n\n\n\n\n\n\n\n\nContacto\n\n\n\n\n\n\n\n<p>Lorem Ipsum has been the industry&#8217;s standard dummy text ever since the 1500s.<\/p>","protected":false},"excerpt":{"rendered":"","protected":false},"author":1,"featured_media":0,"parent":0,"menu_order":0,"comment_status":"closed","ping_status":"closed","template":"","meta":{"pagelayer_contact_templates":[],"_pagelayer_content":"","site-sidebar-layout":"default","site-content-layout":"page-builder","ast-site-content-layout":"full-width-container","site-content-style":"unboxed","site-sidebar-style":"unboxed","ast-global-header-display":"","ast-banner-title-visibility":"","ast-main-header-display":"","ast-hfb-above-header-display":"","ast-hfb-below-header-display":"","ast-hfb-mobile-header-display":"","site-post-title":"","ast-breadcrumbs-content":"","ast-featured-img":"","footer-sml-layout":"","theme-transparent-header-meta":"default","adv-header-id-meta":"","stick-header-meta":"","header-above-stick-meta":"","header-main-stick-meta":"","header-below-stick-meta":"","astra-migrate-meta-layouts":"set","ast-page-background-enabled":"default","ast-page-background-meta":{"desktop":{"background-color":"var(--ast-global-color-4)","background-image":"","background-repeat":"repeat","background-position":"center center","background-size":"auto","background-attachment":"scroll","background-type":"","background-media":"","overlay-type":"","overlay-color":"","overlay-opacity":"","overlay-gradient":""},"tablet":{"background-color":"","background-image":"","background-repeat":"repeat","background-position":"center center","background-size":"auto","background-attachment":"scroll","background-type":"","background-media":"","overlay-type":"","overlay-color":"","overlay-opacity":"","overlay-gradient":""},"mobile":{"background-color":"","background-image":"","background-repeat":"repeat","background-position":"center center","background-size":"auto","background-attachment":"scroll","background-type":"","background-media":"","overlay-type":"","overlay-color":"","overlay-opacity":"","overlay-gradient":""}},"ast-content-background-meta":{"desktop":{"background-color":"var(--ast-global-color-5)","background-image":"","background-repeat":"repeat","background-position":"center center","background-size":"auto","background-attachment":"scroll","background-type":"","background-media":"","overlay-type":"","overlay-color":"","overlay-opacity":"","overlay-gradient":""},"tablet":{"background-color":"var(--ast-global-color-5)","background-image":"","background-repeat":"repeat","background-position":"center center","background-size":"auto","background-attachment":"scroll","background-type":"","background-media":"","overlay-type":"","overlay-color":"","overlay-opacity":"","overlay-gradient":""},"mobile":{"background-color":"var(--ast-global-color-5)","background-image":"","background-repeat":"repeat","background-position":"center center","background-size":"auto","background-attachment":"scroll","background-type":"","background-media":"","overlay-type":"","overlay-color":"","overlay-opacity":"","overlay-gradient":""}},"footnotes":""},"class_list":["post-27","page","type-page","status-publish","hentry"],"yoast_head":"<!-- This site is optimized with the Yoast SEO plugin v25.4 - https:\/\/yoast.com\/wordpress\/plugins\/seo\/ -->\n<title>Jesi Gonzalez Aj\u00f3n - Actriz, Directora, Docente y Coach Actoral<\/title>\n<meta name=\"description\" content=\"Sitio web oficial de Jesi Gonzalez Aj\u00f3n, actriz, directora, docente y coach actoral. CV, reel, fotos, noticias y mucho m\u00e1s.\" \/>\n<meta name=\"robots\" content=\"index, follow, max-snippet:-1, max-image-preview:large, max-video-preview:-1\" \/>\n<link rel=\"canonical\" href=\"https:\/\/www.jesigonzalezajon.com\/en\/\" \/>\n<meta property=\"og:locale\" content=\"en_US\" \/>\n<meta property=\"og:type\" content=\"article\" \/>\n<meta property=\"og:title\" content=\"Jesi Gonzalez Aj\u00f3n - Actriz, Directora, Docente y Coach Actoral\" \/>\n<meta property=\"og:description\" content=\"Sitio web oficial de Jesi Gonzalez Aj\u00f3n, actriz, directora, docente y coach actoral. CV, reel, fotos, noticias y mucho m\u00e1s.\" \/>\n<meta property=\"og:url\" content=\"https:\/\/www.jesigonzalezajon.com\/en\/\" \/>\n<meta property=\"og:site_name\" content=\"Jesi Gonzalez Aj\u00f3n\" \/>\n<meta property=\"article:modified_time\" content=\"2026-01-12T15:22:46+00:00\" \/>\n<meta name=\"twitter:card\" content=\"summary_large_image\" \/>\n<meta name=\"twitter:label1\" content=\"Est. reading time\" \/>\n\t<meta name=\"twitter:data1\" content=\"1 minute\" \/>\n<script type=\"application\/ld+json\" class=\"yoast-schema-graph\">{\"@context\":\"https:\/\/schema.org\",\"@graph\":[{\"@type\":\"WebPage\",\"@id\":\"https:\/\/www.jesigonzalezajon.com\/\",\"url\":\"https:\/\/www.jesigonzalezajon.com\/\",\"name\":\"Jesi Gonzalez Aj\u00f3n - Actriz, Directora, Docente y Coach Actoral\",\"isPartOf\":{\"@id\":\"https:\/\/www.jesigonzalezajon.com\/#website\"},\"datePublished\":\"2021-02-19T23:07:32+00:00\",\"dateModified\":\"2026-01-12T15:22:46+00:00\",\"description\":\"Sitio web oficial de Jesi Gonzalez Aj\u00f3n, actriz, directora, docente y coach actoral. CV, reel, fotos, noticias y mucho m\u00e1s.\",\"breadcrumb\":{\"@id\":\"https:\/\/www.jesigonzalezajon.com\/#breadcrumb\"},\"inLanguage\":\"en-US\",\"potentialAction\":[{\"@type\":\"ReadAction\",\"target\":[\"https:\/\/www.jesigonzalezajon.com\/\"]}]},{\"@type\":\"BreadcrumbList\",\"@id\":\"https:\/\/www.jesigonzalezajon.com\/#breadcrumb\",\"itemListElement\":[{\"@type\":\"ListItem\",\"position\":1,\"name\":\"Portada\",\"item\":\"https:\/\/www.jesigonzalezajon.com\/\"},{\"@type\":\"ListItem\",\"position\":2,\"name\":\"Inicio\"}]},{\"@type\":\"WebSite\",\"@id\":\"https:\/\/www.jesigonzalezajon.com\/#website\",\"url\":\"https:\/\/www.jesigonzalezajon.com\/\",\"name\":\"Jesi Gonzalez Aj\u00f3n\",\"description\":\"Sitio Web Oficial\",\"potentialAction\":[{\"@type\":\"SearchAction\",\"target\":{\"@type\":\"EntryPoint\",\"urlTemplate\":\"https:\/\/www.jesigonzalezajon.com\/?s={search_term_string}\"},\"query-input\":{\"@type\":\"PropertyValueSpecification\",\"valueRequired\":true,\"valueName\":\"search_term_string\"}}],\"inLanguage\":\"en-US\"}]}<\/script>\n<!-- \/ Yoast SEO plugin. -->","yoast_head_json":{"title":"Jesi Gonzalez Aj\u00f3n - Actriz, Directora, Docente y Coach Actoral","description":"Sitio web oficial de Jesi Gonzalez Aj\u00f3n, actriz, directora, docente y coach actoral. CV, reel, fotos, noticias y mucho m\u00e1s.","robots":{"index":"index","follow":"follow","max-snippet":"max-snippet:-1","max-image-preview":"max-image-preview:large","max-video-preview":"max-video-preview:-1"},"canonical":"https:\/\/www.jesigonzalezajon.com\/en\/","og_locale":"en_US","og_type":"article","og_title":"Jesi Gonzalez Aj\u00f3n - Actriz, Directora, Docente y Coach Actoral","og_description":"Sitio web oficial de Jesi Gonzalez Aj\u00f3n, actriz, directora, docente y coach actoral. CV, reel, fotos, noticias y mucho m\u00e1s.","og_url":"https:\/\/www.jesigonzalezajon.com\/en\/","og_site_name":"Jesi Gonzalez Aj\u00f3n","article_modified_time":"2026-01-12T15:22:46+00:00","twitter_card":"summary_large_image","twitter_misc":{"Est. reading time":"1 minute"},"schema":{"@context":"https:\/\/schema.org","@graph":[{"@type":"WebPage","@id":"https:\/\/www.jesigonzalezajon.com\/","url":"https:\/\/www.jesigonzalezajon.com\/","name":"Jesi Gonzalez Aj\u00f3n - Actriz, Directora, Docente y Coach Actoral","isPartOf":{"@id":"https:\/\/www.jesigonzalezajon.com\/#website"},"datePublished":"2021-02-19T23:07:32+00:00","dateModified":"2026-01-12T15:22:46+00:00","description":"Sitio web oficial de Jesi Gonzalez Aj\u00f3n, actriz, directora, docente y coach actoral. CV, reel, fotos, noticias y mucho m\u00e1s.","breadcrumb":{"@id":"https:\/\/www.jesigonzalezajon.com\/#breadcrumb"},"inLanguage":"en-US","potentialAction":[{"@type":"ReadAction","target":["https:\/\/www.jesigonzalezajon.com\/"]}]},{"@type":"BreadcrumbList","@id":"https:\/\/www.jesigonzalezajon.com\/#breadcrumb","itemListElement":[{"@type":"ListItem","position":1,"name":"Portada","item":"https:\/\/www.jesigonzalezajon.com\/"},{"@type":"ListItem","position":2,"name":"Inicio"}]},{"@type":"WebSite","@id":"https:\/\/www.jesigonzalezajon.com\/#website","url":"https:\/\/www.jesigonzalezajon.com\/","name":"Jesi Gonzalez Aj\u00f3n","description":"Sitio Web Oficial","potentialAction":[{"@type":"SearchAction","target":{"@type":"EntryPoint","urlTemplate":"https:\/\/www.jesigonzalezajon.com\/?s={search_term_string}"},"query-input":{"@type":"PropertyValueSpecification","valueRequired":true,"valueName":"search_term_string"}}],"inLanguage":"en-US"}]}},"_links":{"self":[{"href":"https:\/\/www.jesigonzalezajon.com\/en\/wp-json\/wp\/v2\/pages\/27","targetHints":{"allow":["GET"]}}],"collection":[{"href":"https:\/\/www.jesigonzalezajon.com\/en\/wp-json\/wp\/v2\/pages"}],"about":[{"href":"https:\/\/www.jesigonzalezajon.com\/en\/wp-json\/wp\/v2\/types\/page"}],"author":[{"embeddable":true,"href":"https:\/\/www.jesigonzalezajon.com\/en\/wp-json\/wp\/v2\/users\/1"}],"replies":[{"embeddable":true,"href":"https:\/\/www.jesigonzalezajon.com\/en\/wp-json\/wp\/v2\/comments?post=27"}],"version-history":[{"count":38,"href":"https:\/\/www.jesigonzalezajon.com\/en\/wp-json\/wp\/v2\/pages\/27\/revisions"}],"predecessor-version":[{"id":631,"href":"https:\/\/www.jesigonzalezajon.com\/en\/wp-json\/wp\/v2\/pages\/27\/revisions\/631"}],"wp:attachment":[{"href":"https:\/\/www.jesigonzalezajon.com\/en\/wp-json\/wp\/v2\/media?parent=27"}],"curies":[{"name":"wp","href":"https:\/\/api.w.org\/{rel}","templated":true}]}}